{"id":106,"date":"2025-06-05T22:53:52","date_gmt":"2025-06-05T22:53:52","guid":{"rendered":"https:\/\/huehuetoca.gob.mx\/mejora\/?page_id=106"},"modified":"2026-04-13T19:17:51","modified_gmt":"2026-04-13T19:17:51","slug":"documentos","status":"publish","type":"page","link":"https:\/\/huehuetoca.gob.mx\/mejora\/documentos\/","title":{"rendered":"DOCUMENTOS"},"content":{"rendered":"<p><span style=\"color: #33cccc;\"><a href=\"https:\/\/huehuetoca.gob.mx\/mejora\/wp-content\/uploads\/2026\/04\/OBJETIVOS-Y-METAS-DE-LA-DIRECCION-DE-EVALUACION-Y-SEGUIMIENTO.pdf\">OBJETIVOS Y METAS DE LA DIRECCION DE EVALUACION Y SEGUIMIENTO<\/a><\/span><\/p>\n<p><span style=\"color: #33cccc;\"><a style=\"color: #33cccc;\" href=\"https:\/\/huehuetoca.gob.mx\/mejora\/wp-content\/uploads\/2025\/06\/PROGRAMA-ANUAL-MEJORA-REGULATORIA-APROBADO.pdf\">PROGRAMA ANUAL MEJORA REGULATORIA APROBADO 2025<\/a><\/span><\/p>\n<p><span style=\"color: #993300;\"><a style=\"color: #993300;\" href=\"https:\/\/huehuetoca.gob.mx\/mejora\/wp-content\/uploads\/2025\/06\/COMISION-DE-MEJORA-REGULATORIA-Y-ACTA.pdf\">COMISION DE MEJORA REGULATORIA Y ACTA<\/a><\/span><\/p>\n<p><span style=\"color: #993366;\"><a style=\"color: #993366;\" href=\"https:\/\/huehuetoca.gob.mx\/mejora\/wp-content\/uploads\/2025\/06\/Ventanilla-unica-.pdf\">Ventanilla \u00fanica<\/a><\/span><\/p>\n<p><span style=\"color: #0000ff;\"><a style=\"color: #0000ff;\" href=\"https:\/\/huehuetoca.gob.mx\/mejora\/wp-content\/uploads\/2025\/06\/CERTIFICACION-MANUAL-.pdf\">CERTIFICACI\u00d3N MANUAL<\/a><\/span><\/p>\n<p><span style=\"color: #008000;\"><a style=\"color: #008000;\" href=\"https:\/\/huehuetoca.gob.mx\/mejora\/wp-content\/uploads\/2025\/06\/reglamento-interno-.pdf\">reglamento interno<\/a><\/span><\/p>\n<p><span style=\"color: #ff0000;\"><a style=\"color: #ff0000;\" href=\"https:\/\/huehuetoca.gob.mx\/mejora\/wp-content\/uploads\/2025\/07\/REGLAMENTO-INTERNO-MEJORA-REGULATORIA-PDF.pdf\">REGLAMENTO INTERNO MEJORA REGULATORIA PDF 2025-2027<\/a><\/span><\/p>\n<p><a href=\"https:\/\/huehuetoca.gob.mx\/mejora\/wp-content\/uploads\/2025\/07\/MANUAL-DE-OPERACION-DEL-CATALOGO-MUNICIPAL-DE-REGULACONES-MUNICIPIO-DE-HUEHUETOCA-PDF.pdf\">MANUAL DE OPERACI\u00d3N DEL CAT\u00c1LOGO MUNICIPAL DE REGULAC\u00d3NES MUNICIPIO DE HUEHUETOCA PDF 2025-2027<\/a><\/p>\n","protected":false},"excerpt":{"rendered":"<p>OBJETIVOS Y METAS DE LA DIRECCION DE EVALUACION Y SEGUIMIENTO PROGRAMA ANUAL MEJORA REGULATORIA APROBADO 2025 COMISION DE MEJORA REGULATORIA Y ACTA Ventanilla \u00fanica CERTIFICACI\u00d3N MANUAL reglamento interno REGLAMENTO INTERNO MEJORA REGULATORIA PDF 2025-2027 MANUAL DE OPERACI\u00d3N DEL CAT\u00c1LOGO MUNICIPAL DE REGULAC\u00d3NES MUNICIPIO DE HUEHUETOCA PDF 2025-2027<\/p>\n","protected":false},"author":2,"featured_media":0,"parent":0,"menu_order":0,"comment_status":"closed","ping_status":"closed","template":"","meta":{"footnotes":""},"class_list":["post-106","page","type-page","status-publish","hentry"],"_links":{"self":[{"href":"https:\/\/huehuetoca.gob.mx\/mejora\/wp-json\/wp\/v2\/pages\/106","targetHints":{"allow":["GET"]}}],"collection":[{"href":"https:\/\/huehuetoca.gob.mx\/mejora\/wp-json\/wp\/v2\/pages"}],"about":[{"href":"https:\/\/huehuetoca.gob.mx\/mejora\/wp-json\/wp\/v2\/types\/page"}],"author":[{"embeddable":true,"href":"https:\/\/huehuetoca.gob.mx\/mejora\/wp-json\/wp\/v2\/users\/2"}],"replies":[{"embeddable":true,"href":"https:\/\/huehuetoca.gob.mx\/mejora\/wp-json\/wp\/v2\/comments?post=106"}],"version-history":[{"count":6,"href":"https:\/\/huehuetoca.gob.mx\/mejora\/wp-json\/wp\/v2\/pages\/106\/revisions"}],"predecessor-version":[{"id":281,"href":"https:\/\/huehuetoca.gob.mx\/mejora\/wp-json\/wp\/v2\/pages\/106\/revisions\/281"}],"wp:attachment":[{"href":"https:\/\/huehuetoca.gob.mx\/mejora\/wp-json\/wp\/v2\/media?parent=106"}],"curies":[{"name":"wp","href":"https:\/\/api.w.org\/{rel}","templated":true}]}}