{"id":129,"date":"2025-06-27T18:34:14","date_gmt":"2025-06-27T18:34:14","guid":{"rendered":"https:\/\/huehuetoca.gob.mx\/mejora\/?page_id=129"},"modified":"2026-03-19T17:00:01","modified_gmt":"2026-03-19T17:00:01","slug":"consulta-publica","status":"publish","type":"page","link":"https:\/\/huehuetoca.gob.mx\/mejora\/consulta-publica\/","title":{"rendered":"CONSULTA P\u00daBLICA"},"content":{"rendered":"<h3 class=\"py-2\"><span style=\"color: #008000;\"><a style=\"color: #008000;\" href=\"tel:5939180251\">Tel\u00e9fono: 593 918 0251<\/a><\/span><\/h3>\n<h3><\/h3>\n<h3><span style=\"color: #008000;\">Direcci\u00f3n: Av. Ju\u00e1rez, Palacio Municipal, Huehuetoca, Huehuetoca, Estado de M\u00e9xico, CP. 54680, M\u00e9xico, Tercer Piso.<\/span><\/h3>\n<h3 class=\"font-bold\"><span style=\"color: #008000;\">M\u00f3dulo de atenci\u00f3n<\/span><\/h3>\n<h3 class=\"text-sm py-2\"><span style=\"color: #008000;\">Lunes a viernes de 9:00 a.m. a 6:00 p.m<\/span><\/h3>\n<h3 class=\"text-sm\"><span style=\"color: #008000;\">Sabados de 9:00 a.m. a 1:00 p.m<\/span><\/h3>\n","protected":false},"excerpt":{"rendered":"<p>Tel\u00e9fono: 593 918 0251 Direcci\u00f3n: Av. Ju\u00e1rez, Palacio Municipal, Huehuetoca, Huehuetoca, Estado de M\u00e9xico, CP. 54680, M\u00e9xico, Tercer Piso. M\u00f3dulo de atenci\u00f3n Lunes a viernes de 9:00 a.m. a 6:00 p.m Sabados de 9:00 a.m. a 1:00 p.m<\/p>\n","protected":false},"author":2,"featured_media":0,"parent":0,"menu_order":0,"comment_status":"closed","ping_status":"closed","template":"","meta":{"footnotes":""},"class_list":["post-129","page","type-page","status-publish","hentry"],"_links":{"self":[{"href":"https:\/\/huehuetoca.gob.mx\/mejora\/wp-json\/wp\/v2\/pages\/129","targetHints":{"allow":["GET"]}}],"collection":[{"href":"https:\/\/huehuetoca.gob.mx\/mejora\/wp-json\/wp\/v2\/pages"}],"about":[{"href":"https:\/\/huehuetoca.gob.mx\/mejora\/wp-json\/wp\/v2\/types\/page"}],"author":[{"embeddable":true,"href":"https:\/\/huehuetoca.gob.mx\/mejora\/wp-json\/wp\/v2\/users\/2"}],"replies":[{"embeddable":true,"href":"https:\/\/huehuetoca.gob.mx\/mejora\/wp-json\/wp\/v2\/comments?post=129"}],"version-history":[{"count":5,"href":"https:\/\/huehuetoca.gob.mx\/mejora\/wp-json\/wp\/v2\/pages\/129\/revisions"}],"predecessor-version":[{"id":272,"href":"https:\/\/huehuetoca.gob.mx\/mejora\/wp-json\/wp\/v2\/pages\/129\/revisions\/272"}],"wp:attachment":[{"href":"https:\/\/huehuetoca.gob.mx\/mejora\/wp-json\/wp\/v2\/media?parent=129"}],"curies":[{"name":"wp","href":"https:\/\/api.w.org\/{rel}","templated":true}]}}